{"id":1225,"date":"2022-10-25T23:54:09","date_gmt":"2022-10-25T23:54:09","guid":{"rendered":"https:\/\/atapplications.com\/?page_id=1225"},"modified":"2022-11-18T01:27:52","modified_gmt":"2022-11-18T01:27:52","slug":"electrical-heating-systems","status":"publish","type":"page","link":"https:\/\/atapplications.com\/es\/electrical-heating-systems\/","title":{"rendered":"SISTEMAS DE CALENTAMIENTO EL\u00c9CTRICO"},"content":{"rendered":"<div class=\"is-layout-flow wp-block-group alignfull\">\n<div class=\"wp-block-cover is-light has-parallax\" style=\"background-image:url(https:\/\/atapplications.com\/wp-content\/uploads\/2022\/09\/Technologies.jpg);min-height:67vh\"><span aria-hidden=\"true\" class=\"wp-block-cover__background has-background-dim-0 has-background-dim\"><\/span><div class=\"wp-block-cover__inner-container\">\n<div style=\"height:14px\" aria-hidden=\"true\" class=\"wp-block-spacer\"><\/div>\n\n\n\n<h1 class=\"has-text-align-center is-style-default has-background-color has-text-color has-x-large-font-size\">TECNOLOG\u00cdAS AVANZADAS<\/h1>\n\n\n\n<h2 class=\"has-text-align-center has-background-color has-text-color\">SISTEMAS DE CALENTAMIENTO EL\u00c9CTRICO<\/h2>\n<\/div><\/div>\n<\/div>\n\n\n\n<div class=\"is-layout-flow wp-block-group alignfull\">\n<div style=\"height:30px\" aria-hidden=\"true\" class=\"wp-block-spacer\"><\/div>\n\n\n\n<h1 class=\"has-text-align-center has-large-font-size\" style=\"line-height:0.8\">NUESTRAS TECNOLOG\u00cdAS<\/h1>\n\n\n\n<div style=\"height:5px\" aria-hidden=\"true\" class=\"wp-block-spacer\"><\/div>\n\n\n\n<div class=\"is-layout-flex wp-container-10 wp-block-columns\" style=\"padding-top:10px;padding-right:10px;padding-bottom:10px;padding-left:10px\">\n<div class=\"is-layout-flow wp-block-column\">\n<div class=\"is-layout-flex wp-container-4 wp-block-columns\">\n<div class=\"is-layout-flow wp-block-column\">\n<div class=\"wp-block-cover hover-scale is-style-ona-stroke-frame\"><span aria-hidden=\"true\" class=\"wp-block-cover__background has-background-dim\"><\/span><img decoding=\"async\" loading=\"lazy\" width=\"320\" height=\"230\" class=\"wp-block-cover__image-background wp-image-955\" alt=\"SDFSDFSF\" src=\"https:\/\/atapplications.com\/wp-content\/uploads\/2022\/09\/Electrical-Heating-Systems.jpg\" data-object-fit=\"cover\"\/><div class=\"wp-block-cover__inner-container\">\n<h2 class=\"has-text-align-center has-medium-font-size\">SISTEMAS DE CALENTAMIENTO EL\u00c9CTRICO<\/h2>\n<\/div><\/div>\n<\/div>\n\n\n\n<div class=\"is-layout-flow wp-block-column\">            <div class=\"oxi-addons-container noLightbox oxi-image-hover-wrapper-3\" id=\"oxi-image-hover-wrapper-3\">\r\n                <div class=\"oxi-addons-row\">\r\n                    \r\n            <div class=\"oxi-image-hover-style oxi-bt-col-lg-12 oxi-bt-col-md-12 oxi-bt-col-sm-12\" sa-data-animation=\"zoomIn\" sa-data-animation-offset=\"100%\" sa-data-animation-delay=\"0ms\" sa-data-animation-duration=\"1000ms\">\r\n                <div class=\"oxi-image-hover-style-general\">\r\n                    <div class=\"oxi-image-hover oxi-image-general-hover oxi-image-general-hover-style-1 oxi-image-general-hover-3-3\">\r\n                                                    <a  href=\"https:\/\/atapplications.com\/es\/technologies-fire-heating-systems\/\" rel=\"nofollow\">\r\n                                                            <div class=\"oxi-image-hover-figure\">\r\n                                <div class=\"oxi-image-hover-image\">\r\n                                    <img src=\"https:\/\/atapplications.com\/wp-content\/uploads\/2022\/09\/Fire-Heating-Systems.jpg\" >\r\n                                <\/div>\r\n                                <div class=\"oxi-image-hover-figure-caption\">\r\n                                    <div class=\"oxi-image-hover-caption-tab   image-hover-align-center-center\">\r\n                                                                                    <div class=\"oxi-image-hover-figure-heading iheu-fade-up\"><h3 class=\"oxi-image-hover-heading\">SISTEMAS DE CALENTAMIENTO POR FUEGO<\/h3><\/div>\r\n                                                                                            <div class=\"oxi-image-hover-content iheu-fade-up\">CALENTAMIENTO EN UP, MID &amp; DOWNSTREAM<br>CALENTAMIENTO DIRECTO E INDIRECTO<\/div>\r\n                                                                                <\/div>\r\n                                <\/div>\r\n                            <\/div>\r\n                                                        <\/a>\r\n                                                <\/div>\r\n                <\/div>             <\/div> \r\n                            <\/div>\r\n            <\/div>\r\n        \n<\/div>\n<\/div>\n<\/div>\n\n\n\n<div class=\"is-layout-flow wp-block-column\">\n<div class=\"is-layout-flex wp-container-8 wp-block-columns\">\n<div class=\"is-layout-flow wp-block-column\">            <div class=\"oxi-addons-container noLightbox oxi-image-hover-wrapper-4\" id=\"oxi-image-hover-wrapper-4\">\r\n                <div class=\"oxi-addons-row\">\r\n                    \r\n            <div class=\"oxi-image-hover-style oxi-bt-col-lg-12 oxi-bt-col-md-12 oxi-bt-col-sm-12\" sa-data-animation=\"zoomIn\" sa-data-animation-offset=\"100%\" sa-data-animation-delay=\"0ms\" sa-data-animation-duration=\"1000ms\">\r\n                <div class=\"oxi-image-hover-style-general\">\r\n                    <div class=\"oxi-image-hover oxi-image-general-hover oxi-image-general-hover-style-1 oxi-image-general-hover-4-4\">\r\n                                                    <a  href=\"https:\/\/atapplications.com\/es\/technologies-analytical-systems\/\" rel=\"nofollow\">\r\n                                                            <div class=\"oxi-image-hover-figure\">\r\n                                <div class=\"oxi-image-hover-image\">\r\n                                    <img src=\"https:\/\/atapplications.com\/wp-content\/uploads\/2022\/09\/Liquid-Analytic.jpg\" >\r\n                                <\/div>\r\n                                <div class=\"oxi-image-hover-figure-caption\">\r\n                                    <div class=\"oxi-image-hover-caption-tab   image-hover-align-center-center\">\r\n                                                                                    <div class=\"oxi-image-hover-figure-heading iheu-fade-up\"><h3 class=\"oxi-image-hover-heading\">ANAL\u00cdTICA DE HIDROCARBUROS Y AGUA<\/h3><\/div>\r\n                                                                                            <div class=\"oxi-image-hover-content iheu-fade-up\">AN\u00c1LISIS DE HIDROCARBUROS L\u00cdQUIDOS<br>GASEOUS HYDROCARBON ANALYSIS<br>AN\u00c1LISIS DE ACEITE EN AGUA<\/div>\r\n                                                                                <\/div>\r\n                                <\/div>\r\n                            <\/div>\r\n                                                        <\/a>\r\n                                                <\/div>\r\n                <\/div>             <\/div> \r\n                            <\/div>\r\n            <\/div>\r\n        \n<\/div>\n\n\n\n<div class=\"is-layout-flow wp-block-column\">            <div class=\"oxi-addons-container noLightbox oxi-image-hover-wrapper-5\" id=\"oxi-image-hover-wrapper-5\">\r\n                <div class=\"oxi-addons-row\">\r\n                    \r\n            <div class=\"oxi-image-hover-style oxi-bt-col-lg-12 oxi-bt-col-md-12 oxi-bt-col-sm-12\" sa-data-animation=\"zoomIn\" sa-data-animation-offset=\"100%\" sa-data-animation-delay=\"0ms\" sa-data-animation-duration=\"1000ms\">\r\n                <div class=\"oxi-image-hover-style-general\">\r\n                    <div class=\"oxi-image-hover oxi-image-general-hover oxi-image-general-hover-style-1 oxi-image-general-hover-5-5\">\r\n                                                    <a  href=\"https:\/\/atapplications.com\/es\/technologies-fuel-optimization-technology-2\/\" rel=\"nofollow\">\r\n                                                            <div class=\"oxi-image-hover-figure\">\r\n                                <div class=\"oxi-image-hover-image\">\r\n                                    <img src=\"https:\/\/atapplications.com\/wp-content\/uploads\/2022\/11\/Gas-Hidrocarbon-Analysis-1.bmp\" >\r\n                                <\/div>\r\n                                <div class=\"oxi-image-hover-figure-caption\">\r\n                                    <div class=\"oxi-image-hover-caption-tab   image-hover-align-center-center\">\r\n                                                                                    <div class=\"oxi-image-hover-figure-heading iheu-fade-up\"><h3 class=\"oxi-image-hover-heading\">SISTEMAS DE OPTIMIZACI\u00d3N DE COMBUSTIBLES<\/h3><\/div>\r\n                                                                                            <div class=\"oxi-image-hover-content iheu-fade-up\">OPTIMIZACI\u00d3N DE COMBUSTIBLE INDUSTRIAL<br>OPTIMIZACI\u00d3N DE COMBUSTIBLE DE TRANSPORTE<\/div>\r\n                                                                                <\/div>\r\n                                <\/div>\r\n                            <\/div>\r\n                                                        <\/a>\r\n                                                <\/div>\r\n                <\/div>             <\/div> \r\n                            <\/div>\r\n            <\/div>\r\n        \n<\/div>\n<\/div>\n<\/div>\n<\/div>\n<\/div>\n\n\n\n<div class=\"is-layout-flow wp-block-group alignfull\">\n<div style=\"height:15px\" aria-hidden=\"true\" class=\"wp-block-spacer\"><\/div>\n\n\n<span class='mb-center maxbutton-1-center'><span class='maxbutton-1-container mb-container'><a class=\"maxbutton-1 maxbutton maxbutton-let-us-help-you\" target=\"_blank\" rel=\"noopener\" href=\"https:\/\/atapplications.com\/es\/contact-us\/\"><span class='mb-text'>D\u00e9janos Ayudarte<\/span><\/a><\/span><\/span>\n\n\n<div style=\"height:30px\" aria-hidden=\"true\" class=\"wp-block-spacer\"><\/div>\n<\/div>","protected":false},"excerpt":{"rendered":"<p>NUESTRAS TECNOLOG\u00cdAS<\/p>","protected":false},"author":1,"featured_media":0,"parent":0,"menu_order":0,"comment_status":"closed","ping_status":"closed","template":"page-header-footer-only","meta":{"om_disable_all_campaigns":false,"_monsterinsights_skip_tracking":false,"_monsterinsights_sitenote_active":false,"_monsterinsights_sitenote_note":"","_monsterinsights_sitenote_category":0},"aioseo_notices":[],"_links":{"self":[{"href":"https:\/\/atapplications.com\/es\/wp-json\/wp\/v2\/pages\/1225"}],"collection":[{"href":"https:\/\/atapplications.com\/es\/wp-json\/wp\/v2\/pages"}],"about":[{"href":"https:\/\/atapplications.com\/es\/wp-json\/wp\/v2\/types\/page"}],"author":[{"embeddable":true,"href":"https:\/\/atapplications.com\/es\/wp-json\/wp\/v2\/users\/1"}],"replies":[{"embeddable":true,"href":"https:\/\/atapplications.com\/es\/wp-json\/wp\/v2\/comments?post=1225"}],"version-history":[{"count":10,"href":"https:\/\/atapplications.com\/es\/wp-json\/wp\/v2\/pages\/1225\/revisions"}],"predecessor-version":[{"id":1892,"href":"https:\/\/atapplications.com\/es\/wp-json\/wp\/v2\/pages\/1225\/revisions\/1892"}],"wp:attachment":[{"href":"https:\/\/atapplications.com\/es\/wp-json\/wp\/v2\/media?parent=1225"}],"curies":[{"name":"wp","href":"https:\/\/api.w.org\/{rel}","templated":true}]}}