{"id":1554,"date":"2022-11-14T03:09:44","date_gmt":"2022-11-14T03:09:44","guid":{"rendered":"https:\/\/atapplications.com\/?page_id=1554"},"modified":"2023-10-21T03:51:29","modified_gmt":"2023-10-21T03:51:29","slug":"technologies-fuel-optimization-technology-2","status":"publish","type":"page","link":"https:\/\/atapplications.com\/es\/technologies-fuel-optimization-technology-2\/","title":{"rendered":"TECHNOLOGIES &#8211; FUEL OPTIMIZATION TECHNOLOGY"},"content":{"rendered":"<div class=\"is-layout-flow wp-block-group alignfull\">\n<div class=\"wp-block-cover is-light has-parallax\" style=\"min-height:67vh\"><span aria-hidden=\"true\" class=\"wp-block-cover__background has-background-dim-0 has-background-dim\"><\/span><div role=\"img\" class=\"wp-block-cover__image-background wp-image-1912 has-parallax\" style=\"background-position:50% 50%;background-image:url(https:\/\/atapplications.com\/wp-content\/uploads\/2022\/11\/Fuel-Optimization-Systems-Page.jpg)\"><\/div><div class=\"wp-block-cover__inner-container\">\n<div style=\"height:14px\" aria-hidden=\"true\" class=\"wp-block-spacer\"><\/div>\n\n\n\n<h1 class=\"has-text-align-center is-style-default has-foreground-color has-text-color has-x-large-font-size\">TECNOLOG\u00cdAS AVANZADAS<\/h1>\n\n\n\n<h2 class=\"has-text-align-center has-foreground-color has-text-color\">TECNOLOG\u00cdA DE OPTIMIZACI\u00d3N DE COMBUSTIBLES<\/h2>\n<\/div><\/div>\n<\/div>\n\n\n\n<div class=\"is-layout-flow wp-block-group alignfull\">\n<div style=\"height:30px\" aria-hidden=\"true\" class=\"wp-block-spacer\"><\/div>\n\n\n\n<h1 class=\"has-text-align-center has-large-font-size\" style=\"line-height:0.8\">NUESTRAS TECNOLOG\u00cdAS<\/h1>\n\n\n\n<div style=\"height:15px\" aria-hidden=\"true\" class=\"wp-block-spacer\"><\/div>\n\n\n\n<div class=\"is-layout-flex wp-container-10 wp-block-columns\" style=\"padding-top:10px;padding-right:10px;padding-bottom:10px;padding-left:10px\">\n<div class=\"is-layout-flow wp-block-column\">\n<div class=\"is-layout-flex wp-container-4 wp-block-columns\">\n<div class=\"is-layout-flow wp-block-column\">\n<div class=\"wp-block-cover hover-scale is-style-default\" style=\"min-height:240px\"><span aria-hidden=\"true\" class=\"wp-block-cover__background has-vivid-cyan-blue-background-color has-background-dim-60 has-background-dim wp-block-cover__gradient-background has-background-gradient has-midnight-gradient-background\"><\/span><img decoding=\"async\" loading=\"lazy\" width=\"960\" height=\"690\" class=\"wp-block-cover__image-background wp-image-1829\" alt=\"\" src=\"https:\/\/atapplications.com\/wp-content\/uploads\/2022\/11\/Electrical-Heat-Tracing-1.bmp\" data-object-fit=\"cover\"\/><div class=\"wp-block-cover__inner-container\">\n<h1 class=\"has-text-align-center ona-text-letter-spacing is-style-default has-background-color has-text-color has-medium-font-size\" style=\"letter-spacing:-1px\"><a style=\"text-decoration:none;color:#fff\" href=\"https:\/\/atapplications.com\/es\/technologies-electrical-heating-systems\/\"><strong>SISTEMAS DE CALENTAMIENTO EL\u00c9CTRICO<\/strong><\/a><\/h1>\n\n\n\n<div style=\"height:21px\" aria-hidden=\"true\" class=\"wp-block-spacer\"><\/div>\n\n\n\n<h1 class=\"has-text-align-center ona-text-letter-spacing is-style-default has-background-color has-text-color\" style=\"font-size:0.9rem;letter-spacing:0px\"><a style=\"text-decoration:none;color:#fff\" href=\"https:\/\/atapplications.com\/es\/technologies-electrical-heating-systems\/\"><strong><strong>CALENTAMIENTO INDUSTRIAL<\/strong><\/strong><\/a><\/h1>\n\n\n\n<h1 class=\"has-text-align-center ona-text-letter-spacing is-style-default has-background-color has-text-color\" style=\"font-size:0.9rem;letter-spacing:0px\"><a style=\"text-decoration:none;color:#fff\" href=\"https:\/\/atapplications.com\/es\/technologies-electrical-heating-systems\/\"><strong><strong><strong>CALENTAMIENTO EN UP, MID &amp; DOWNSTREAM<\/strong><\/strong><\/strong><\/a><\/h1>\n\n\n\n<h1 class=\"has-text-align-center ona-text-letter-spacing is-style-default has-background-color has-text-color\" style=\"font-size:0.9rem;letter-spacing:0px\"><a style=\"text-decoration:none;color:#fff\" href=\"https:\/\/atapplications.com\/es\/technologies-electrical-heating-systems\/\"><strong><strong><strong><strong>CALENTAMIENTO DIRECTO E INDIRECTO<\/strong><\/strong><\/strong><\/strong><\/a><\/h1>\n<\/div><\/div>\n<\/div>\n\n\n\n<div class=\"is-layout-flow wp-block-column\">\n<div class=\"wp-block-cover hover-scale is-style-default\" style=\"min-height:240px\"><span aria-hidden=\"true\" class=\"wp-block-cover__background has-background-dim-60 has-background-dim wp-block-cover__gradient-background has-background-gradient has-luminous-vivid-orange-to-vivid-red-gradient-background\"><\/span><img decoding=\"async\" loading=\"lazy\" width=\"800\" height=\"575\" class=\"wp-block-cover__image-background wp-image-957\" alt=\"\" src=\"https:\/\/atapplications.com\/wp-content\/uploads\/2022\/09\/Fire-Heating-Systems.jpg\" data-object-fit=\"cover\"\/><div class=\"wp-block-cover__inner-container\">\n<h1 class=\"has-text-align-center ona-text-letter-spacing is-style-default has-background-color has-text-color has-medium-font-size\" style=\"letter-spacing:-1px\"><a style=\"text-decoration:none;color:#fff\" href=\"https:\/\/atapplications.com\/es\/technologies-fire-heating-systems\/\"><strong>SISTEMAS DE CALENTAMIENTO POR FUEGO<\/strong><\/a><\/h1>\n\n\n\n<div style=\"height:21px\" aria-hidden=\"true\" class=\"wp-block-spacer\"><\/div>\n\n\n\n<h1 class=\"has-text-align-center ona-text-letter-spacing is-style-default has-background-color has-text-color\" style=\"font-size:0.9rem;letter-spacing:0px\"><a style=\"text-decoration:none;color:#fff\" href=\"https:\/\/atapplications.com\/es\/technologies-fire-heating-systems\/\"><strong><strong>CALENTAMIENTO INDUSTRIAL<\/strong><\/strong><\/a><\/h1>\n\n\n\n<h1 class=\"has-text-align-center ona-text-letter-spacing is-style-default has-background-color has-text-color\" style=\"font-size:0.9rem;letter-spacing:0px\"><a style=\"text-decoration:none;color:#fff\" href=\"https:\/\/atapplications.com\/es\/technologies-fire-heating-systems\/\"><strong><strong><strong>CALENTAMIENTO EN UP, MID &amp; DOWNSTREAM<\/strong><\/strong><\/strong><\/a><\/h1>\n\n\n\n<h1 class=\"has-text-align-center ona-text-letter-spacing is-style-default has-background-color has-text-color\" style=\"font-size:0.9rem;letter-spacing:0px\"><a style=\"text-decoration:none;color:#fff\" href=\"https:\/\/atapplications.com\/es\/technologies-fire-heating-systems\/\"><strong><strong><strong><strong>CALENTAMIENTO DIRECTO E INDIRECTO<\/strong><\/strong><\/strong><\/strong><\/a><\/h1>\n<\/div><\/div>\n<\/div>\n<\/div>\n<\/div>\n\n\n\n<div class=\"is-layout-flow wp-block-column\">\n<div class=\"is-layout-flex wp-container-8 wp-block-columns\">\n<div class=\"is-layout-flow wp-block-column\">\n<div class=\"wp-block-cover hover-scale is-style-default\" style=\"min-height:240px\"><span aria-hidden=\"true\" class=\"wp-block-cover__background has-background-dim-60 has-background-dim wp-block-cover__gradient-background has-background-gradient\" style=\"background:linear-gradient(135deg,rgb(2,3,129) 0%,rgb(92,0,162) 100%)\"><\/span><img decoding=\"async\" loading=\"lazy\" width=\"960\" height=\"690\" class=\"wp-block-cover__image-background wp-image-1816\" alt=\"\" src=\"https:\/\/atapplications.com\/wp-content\/uploads\/2022\/11\/Oil-in-Water-Analysis-4-1.bmp\" data-object-fit=\"cover\"\/><div class=\"wp-block-cover__inner-container\">\n<h1 class=\"has-text-align-center ona-text-letter-spacing is-style-default has-background-color has-text-color has-medium-font-size\" style=\"letter-spacing:-1px\"><a style=\"text-decoration:none;color:#fff\" href=\"https:\/\/atapplications.com\/es\/technologies-analytical-systems\/\"><strong>ANAL\u00cdTICA DE HIDROCARBUROS Y AGUA<\/strong><\/a><\/h1>\n\n\n\n<div style=\"height:21px\" aria-hidden=\"true\" class=\"wp-block-spacer\"><\/div>\n\n\n\n<h1 class=\"has-text-align-center ona-text-letter-spacing is-style-default has-background-color has-text-color\" style=\"font-size:0.9rem;letter-spacing:0px\"><a style=\"text-decoration:none;color:#fff\" href=\"https:\/\/atapplications.com\/es\/technologies-analytical-systems\/\"><strong><strong><strong>AN\u00c1LISIS DE HIDROCARBUROS L\u00cdQUIDOS<\/strong><\/strong><\/strong><\/a><\/h1>\n\n\n\n<h1 class=\"has-text-align-center ona-text-letter-spacing is-style-default has-background-color has-text-color\" style=\"font-size:0.9rem;letter-spacing:0px\"><a style=\"text-decoration:none;color:#fff\" href=\"https:\/\/atapplications.com\/es\/technologies-analytical-systems\/\"><strong><strong><strong><strong>AN\u00c1LISIS DE HIDROCARBUROS GASEOSOS<\/strong><\/strong><\/strong><\/strong><\/a><\/h1>\n\n\n\n<h1 class=\"has-text-align-center ona-text-letter-spacing is-style-default has-background-color has-text-color\" style=\"font-size:0.9rem;letter-spacing:0px\"><a style=\"text-decoration:none;color:#fff\" href=\"https:\/\/atapplications.com\/es\/technologies-analytical-systems\/\"><strong><strong><strong><strong><strong>AN\u00c1LISIS DE ACEITE EN AGUA<\/strong><\/strong><\/strong><\/strong><\/strong><\/a><\/h1>\n<\/div><\/div>\n<\/div>\n\n\n\n<div class=\"is-layout-flow wp-block-column\">\n<div class=\"wp-block-cover hover-scale is-style-ona-stroke-frame\" style=\"min-height:240px\"><span aria-hidden=\"true\" class=\"wp-block-cover__background has-background-dim-60 has-background-dim wp-block-cover__gradient-background has-background-gradient\" style=\"background:linear-gradient(135deg,rgba(6,6,6,0.86) 0%,rgba(64,64,64,0.77) 100%)\"><\/span><img decoding=\"async\" loading=\"lazy\" width=\"960\" height=\"690\" class=\"wp-block-cover__image-background wp-image-1817\" alt=\"\" src=\"https:\/\/atapplications.com\/wp-content\/uploads\/2022\/11\/Gas-Hidrocarbon-Analysis-1.bmp\" data-object-fit=\"cover\"\/><div class=\"wp-block-cover__inner-container\">\n<h1 class=\"has-text-align-center ona-text-letter-spacing is-style-default has-background-color has-text-color has-medium-font-size\" style=\"letter-spacing:-1px\"><a style=\"text-decoration:none;color:#fff\" href=\"https:\/\/atapplications.com\/es\/technologies-fuel-optimization-technology-2\/\"><strong><strong>SISTEMAS DE OPTIMIZACI\u00d3N DE COMBUSTIBLES<\/strong><\/strong><\/a><\/h1>\n\n\n\n<div style=\"height:21px\" aria-hidden=\"true\" class=\"wp-block-spacer\"><\/div>\n\n\n\n<h1 class=\"has-text-align-center ona-text-letter-spacing is-style-default has-background-color has-text-color\" style=\"font-size:0.9rem;letter-spacing:0px\"><a style=\"text-decoration:none;color:#fff\" href=\"https:\/\/atapplications.com\/es\/technologies-fuel-optimization-technology-2\/\"><strong><strong>OPTIMIZACI\u00d3N DE COMBUSTIBLE INDUSTRIAL<\/strong><\/strong><\/a><\/h1>\n\n\n\n<h1 class=\"has-text-align-center ona-text-letter-spacing is-style-default has-background-color has-text-color\" style=\"font-size:0.9rem;letter-spacing:0px\"><a style=\"text-decoration:none;color:#fff\" href=\"https:\/\/atapplications.com\/es\/technologies-fuel-optimization-technology-2\/\"><strong><strong>OPTIMIZACI\u00d3N DE COMBUSTIBLE DE TRANSPORTE<\/strong><\/strong><\/a><\/h1>\n\n\n\n<h2 style=\"font-size:0.9rem;letter-spacing:0px\"><\/h2>\n<\/div><\/div>\n<\/div>\n<\/div>\n<\/div>\n<\/div>\n<\/div>\n\n\n\n<div class=\"is-layout-flow wp-block-group alignfull\">\n<div class=\"wp-block-cover is-light is-style-default\"><span aria-hidden=\"true\" class=\"wp-block-cover__background has-stroke-background-color has-background-dim-100 has-background-dim\"><\/span><div class=\"wp-block-cover__inner-container\">\n<div style=\"height:66px\" aria-hidden=\"true\" class=\"wp-block-spacer\"><\/div>\n\n\n\n<h1 class=\"has-text-align-center has-large-font-size\" style=\"line-height:0.8\">TECNOLOG\u00cdA DE OPTIMIZACI\u00d3N DE COMBUSTIBLES<\/h1>\n\n\n\n<div style=\"height:30px\" aria-hidden=\"true\" class=\"wp-block-spacer\"><\/div>\n\n\n\n<div class=\"is-layout-flex wp-container-20 wp-block-columns\">\n<div class=\"is-layout-flow wp-block-column\" style=\"flex-basis:40%\">\n<div class=\"is-layout-flex wp-container-14 wp-block-columns\">\n<div class=\"is-layout-flow wp-block-column\" style=\"flex-basis:5%\"><\/div>\n\n\n\n<div class=\"is-layout-flow wp-block-column\" style=\"flex-basis:95%\">\n<div style=\"height:30px\" aria-hidden=\"true\" class=\"wp-block-spacer\"><\/div>\n\n\n\n<figure class=\"wp-block-image aligncenter size-full\"><img decoding=\"async\" loading=\"lazy\" width=\"538\" height=\"383\" src=\"https:\/\/atapplications.com\/wp-content\/uploads\/2022\/11\/Technology-for-Fuel-Efficiency.png\" alt=\"\" class=\"wp-image-1546\"\/><figcaption class=\"wp-element-caption\">TECNOLOG\u00cdA PARA LA EFICIENCIA DE LOS COMBUSTIBLES DE SISTEMAS DE GENERACI\u00d3N, CALEFACCI\u00d3N Y TRANSPORTE<\/figcaption><\/figure>\n\n\n<span class='mb-center maxbutton-9-center'><span class='maxbutton-9-container mb-container'><a class=\"maxbutton-9 maxbutton maxbutton-let-us-help-you-short margin:auto\" target=\"_blank\" rel=\"noopener\" href=\"https:\/\/atapplications.com\/es\/contact-us\/\"><span class='mb-text'>D\u00e9janos Ayudarte<\/span><\/a><\/span><\/span><\/div>\n<\/div>\n<\/div>\n\n\n\n<div class=\"is-layout-flow wp-block-column\" style=\"flex-basis:60%\">\n<div class=\"is-layout-flex wp-container-18 wp-block-columns\">\n<div class=\"is-layout-flow wp-block-column\">\n<div style=\"height:30px\" aria-hidden=\"true\" class=\"wp-block-spacer\"><\/div>\n\n\n\n<p class=\"has-small-font-size\" style=\"line-height:1.2\"><h6 class=\"collapseomatic\" id=\"id69efd538e3f1e\"  tabindex=\"0\" title=\"  Mejorador de Combustible GNC\"    >  Mejorador de Combustible GNC<\/h6><div id=\"target-id69efd538e3f1e\" class=\"collapseomatic_content\">\n\n\n\n<p class=\"has-text-align-center\"><img decoding=\"async\" loading=\"lazy\" width=\"480\" height=\"247\" class=\"wp-image-1544\" style=\"width: 420px;\" src=\"https:\/\/atapplications.com\/wp-content\/uploads\/2022\/11\/CNG-Fuel-Improver.png\" alt=\"\"><\/p>\n\n\n\n<p class=\"textojustificado\" style=\"font-size:16px;letter-spacing:px;line-height:1.2\">Tecnolog\u00eda de catalizadores de combustible para la reducci\u00f3n del consumo de Gas Natural y Propano para generaci\u00f3n de energ\u00eda, sistemas de calentamiento por fuego y aplicaciones industriales de combusti\u00f3n. Reduce el consumo de combustible entre un 5 y un 14 %.<\/p>\n\n\n\n<\/div>\n\n\n\n<p style=\"line-height:1.2\"><h6 class=\"collapseomatic\" id=\"id69efd538e3f52\"  tabindex=\"0\" title=\" Mejorador de Combustible Di\u00e9sel y Combust\u00f3leo\"    > Mejorador de Combustible Di\u00e9sel y Combust\u00f3leo<\/h6><div id=\"target-id69efd538e3f52\" class=\"collapseomatic_content\">\n\n\n\n<p class=\"has-text-align-center\"><img decoding=\"async\" loading=\"lazy\" width=\"480\" height=\"247\" class=\"wp-image-1541\" style=\"width: 420px;\" src=\"https:\/\/atapplications.com\/wp-content\/uploads\/2022\/11\/Diesel-and-Oil-Fuel-Improver.png\" alt=\"\"><\/p>\n\n\n\n<p class=\"textojustificado\" style=\"font-size:16px;line-height:1.2\">Tecnolog\u00eda de catalizadores para la reducci\u00f3n del consumo de combustible y gases de efecto invernadero para aplicaciones industriales de generaci\u00f3n de energ\u00eda, sistemas de calentamiento por fuego sistemas de combusti\u00f3n industrial. Excelentes resultados con varios tipos de combustible: Di\u00e9sel, Fueloil, Gas\u00f3leo, Combustible Pesados # 2, # 4 y # 6. Reduce el consumo de combustible entre un 5 y un 12%.<\/p>\n\n\n\n<\/div>\n\n\n\n<p style=\"line-height:1.2\"><h6 class=\"collapseomatic\" id=\"id69efd538e3f70\"  tabindex=\"0\" title=\" Mejorador de Combustible Vehicular\"    > Mejorador de Combustible Vehicular<\/h6><div id=\"target-id69efd538e3f70\" class=\"collapseomatic_content\">\n\n\n\n<p class=\"has-text-align-center\"><img decoding=\"async\" loading=\"lazy\" width=\"480\" height=\"247\" class=\"wp-image-1542\" style=\"width: 420px;\" src=\"https:\/\/atapplications.com\/wp-content\/uploads\/2022\/11\/Vehicular-Fuel-Improver.png\" alt=\"\"><\/p>\n\n\n\n<p class=\"textojustificado\" style=\"font-size:16px;line-height:1.2\">Tecnolog\u00eda de Catalizadores para la reducci\u00f3n del consumo de combustible en veh\u00edculos mar\u00edtimos y terrestres de gasolina y di\u00e9sel. Reduce el consumo de combustible entre un 5 y un 12%.<\/p>\n\n\n\n<\/div>\n\n\n\n<div style=\"height:19px\" aria-hidden=\"true\" class=\"wp-block-spacer\"><\/div>\n<\/div>\n\n\n\n<div class=\"is-layout-flow wp-block-column\" style=\"flex-basis:20px\"><\/div>\n<\/div>\n<\/div>\n<\/div>\n<\/div><\/div>\n\n\n\n<div style=\"height:5px\" aria-hidden=\"true\" class=\"wp-block-spacer\"><\/div>\n<\/div>","protected":false},"excerpt":{"rendered":"<p>NUESTRAS TECNOLOG\u00cdAS<\/p>","protected":false},"author":1,"featured_media":0,"parent":0,"menu_order":0,"comment_status":"closed","ping_status":"closed","template":"page-header-footer-only","meta":{"om_disable_all_campaigns":false,"_monsterinsights_skip_tracking":false,"_monsterinsights_sitenote_active":false,"_monsterinsights_sitenote_note":"","_monsterinsights_sitenote_category":0},"aioseo_notices":[],"_links":{"self":[{"href":"https:\/\/atapplications.com\/es\/wp-json\/wp\/v2\/pages\/1554"}],"collection":[{"href":"https:\/\/atapplications.com\/es\/wp-json\/wp\/v2\/pages"}],"about":[{"href":"https:\/\/atapplications.com\/es\/wp-json\/wp\/v2\/types\/page"}],"author":[{"embeddable":true,"href":"https:\/\/atapplications.com\/es\/wp-json\/wp\/v2\/users\/1"}],"replies":[{"embeddable":true,"href":"https:\/\/atapplications.com\/es\/wp-json\/wp\/v2\/comments?post=1554"}],"version-history":[{"count":12,"href":"https:\/\/atapplications.com\/es\/wp-json\/wp\/v2\/pages\/1554\/revisions"}],"predecessor-version":[{"id":2016,"href":"https:\/\/atapplications.com\/es\/wp-json\/wp\/v2\/pages\/1554\/revisions\/2016"}],"wp:attachment":[{"href":"https:\/\/atapplications.com\/es\/wp-json\/wp\/v2\/media?parent=1554"}],"curies":[{"name":"wp","href":"https:\/\/api.w.org\/{rel}","templated":true}]}}