{"id":1838,"date":"2022-11-17T18:40:52","date_gmt":"2022-11-17T18:40:52","guid":{"rendered":"https:\/\/atapplications.com\/?page_id=1838"},"modified":"2023-10-21T04:48:41","modified_gmt":"2023-10-21T04:48:41","slug":"privacy-policy","status":"publish","type":"page","link":"https:\/\/atapplications.com\/es\/privacy-policy\/","title":{"rendered":"POL\u00cdTICA DE PRIVACIDAD"},"content":{"rendered":"<div class=\"is-layout-flow wp-block-group alignfull\">\n<div class=\"wp-block-cover is-light has-parallax\" style=\"min-height:67vh\"><span aria-hidden=\"true\" class=\"wp-block-cover__background has-background-dim-0 has-background-dim\"><\/span><div role=\"img\" class=\"wp-block-cover__image-background wp-image-1223 has-parallax\" style=\"background-position:50% 50%;background-image:url(https:\/\/atapplications.com\/wp-content\/uploads\/2022\/10\/Sky.jpg)\"><\/div><div class=\"wp-block-cover__inner-container\">\n<h1 class=\"has-text-align-center is-style-default has-background-color has-text-color has-x-large-font-size\">ADVANCED TECHNOLOGY APPLICATIONS<\/h1>\n\n\n\n<h2 class=\"has-text-align-center has-background-color has-text-color\">POL\u00cdTICA DE PRIVACIDAD<\/h2>\n<\/div><\/div>\n<\/div>\n\n\n\n<div class=\"is-layout-constrained wp-container-2 wp-block-group alignfull is-style-no-spacing has-background-background-color has-background\">\n<div style=\"height:90px\" aria-hidden=\"true\" class=\"wp-block-spacer\"><\/div>\n\n\n\n<h1 class=\"has-text-align-center ona-text-letter-spacing has-foreground-color has-text-color has-large-font-size\" style=\"margin-top:0px;margin-right:0px;margin-bottom:0px;margin-left:0px\">POL\u00cdTICA DE PRIVACIDAD<\/h1>\n\n\n\n<div style=\"height:30px\" aria-hidden=\"true\" class=\"wp-block-spacer\"><\/div>\n\n\n\n<h4><strong>Pol\u00edtica de Privacidad para Personal, Clientes, Empleados y Proveedores.<\/strong><\/h4>\n\n\n\n<p class=\"textojustificado\">ADVANCED TECHNOLOGY APPLICATIONS SAS, en cumplimiento de lo dispuesto en la Ley 1581 de 2012 y su Decreto 1377 de 2013 y la Ley 142 de 1994, permite a sus clientes, empleados, exempleados, proveedores y contratistas ser informados que datos personales o informaci\u00f3n que la empresa ha recopilado en desarrollo de su objeto social, ser\u00e1 tratado o utilizado de conformidad con la finalidad legal, contractual o comercial que dio origen a su recopilaci\u00f3n, seg\u00fan lo establecido en el art\u00edculo 10 del Decreto 1377 de 2013.<\/p>\n\n\n\n<div style=\"height:30px\" aria-hidden=\"true\" class=\"wp-block-spacer\"><\/div>\n\n\n\n<h4><strong>Autorizaci\u00f3n para utilizar sus datos personales<\/strong><\/h4>\n\n\n\n<p class=\"textojustificado\">En su virtud y a los efectos de continuar con el tratamiento de sus datos personales, ADVANCED TECHNOLOGY APLICACIONES SAS solicita respetuosamente su autorizaci\u00f3n para continuar utilizando sus datos personales, de conformidad con el art\u00edculo 9 de la Ley 1581 de 2012 y el art\u00edculo 7 del Decreto 1377 de 2013, por lo que usted tiene derecho en cualquier momento a conocer, actualizar, rectificar y solicitar la supresi\u00f3n de sus datos personales, mediante solicitud escrita al correo electr\u00f3nico <a href=\"mailto:commercial@atapplications.com\">commercial@atapplications.com<\/a>, tus datos ser\u00e1n utilizados para:<\/p>\n\n\n\n<div style=\"height:30px\" aria-hidden=\"true\" class=\"wp-block-spacer\"><\/div>\n\n\n\n<h4><strong>1. Clientes:<\/strong><\/h4>\n\n\n\n<p class=\"textojustificado\">La empresa recopila y trata datos personales con la finalidad de mantener buenas relaciones comerciales, cumplir con las obligaciones del contrato, invitaciones a eventos de la empresa, atender solicitudes, consultas, reclamos planteados por el titular de los datos personales o por sus representantes debidamente legitimados y autoridades en los casos correspondientes.<\/p>\n\n\n\n<div style=\"height:30px\" aria-hidden=\"true\" class=\"wp-block-spacer\"><\/div>\n\n\n\n<h4><strong>2. Empleados y Ex-Empleados:<\/strong><\/h4>\n\n\n\n<p class=\"textojustificado\">Cumplir con las obligaciones como empleador, es decir, pago de n\u00f3minas, afiliaciones, informes al Sistema Social y Cajas de Compensaci\u00f3n, entre otros y solicitudes realizadas por los mismos, atenci\u00f3n de consultas, actuaciones, solicitudes, reclamos planteados por el Titular de la informaci\u00f3n. o en nombre de \u00e9ste, debidamente legitimado, solicitudes de autoridades legales.<\/p>\n\n\n\n<div style=\"height:30px\" aria-hidden=\"true\" class=\"wp-block-spacer\"><\/div>\n\n\n\n<h4><strong>3. Proveedores:<\/strong><\/h4>\n\n\n\n<p class=\"textojustificado\">Cumplir con obligaciones contractuales, pago de servicios y reporte de pagos, reporte ante autoridades fiscales, atenci\u00f3n de consultas, reclamos, acciones y solicitudes planteadas por el titular de la informaci\u00f3n o por sus representantes y autoridades debidamente legitimados en los casos que correspondan.<\/p>\n\n\n\n<div style=\"height:30px\" aria-hidden=\"true\" class=\"wp-block-spacer\"><\/div>\n\n\n\n<h4><strong>Correcci\u00f3n, actualizaci\u00f3n o eliminaci\u00f3n de datos<\/strong><\/h4>\n\n\n\n<p class=\"textojustificado\">Dentro de los (30) d\u00edas h\u00e1biles, contados a partir de la recepci\u00f3n de la presente comunicaci\u00f3n, usted podr\u00e1 manifestar su decisi\u00f3n sobre el tratamiento de sus datos personales por parte de la empresa, escribiendo al correo electr\u00f3nico: <a href=\"mailto:commercial@atapplications.com\">commercial@atapplications.com<\/a>, Si no recibe su declaraci\u00f3n escrita, se entender\u00e1 su autorizaci\u00f3n de manera directa, expresa e inequ\u00edvoca y que podremos continuar tratando los datos contenidos en nuestra base de datos para la finalidad o finalidades ya indicadas, hasta que usted indique lo contrario. Podr\u00e1 acceder a sus datos personales en cualquier momento, as\u00ed mismo podr\u00e1 solicitar expresamente la rectificaci\u00f3n, actualizaci\u00f3n o supresi\u00f3n, as\u00ed como solicitar prueba de su autorizaci\u00f3n o revocaci\u00f3n, enviando un correo electr\u00f3nico a: <a href=\"mailto:commercial@atapplications.com\">commercial@atapplications.com<\/a>, o a la Direcci\u00f3n  Teleport Business Park Calle 113 No. 7 \u2013 21. Torre A. Piso 11 \u2013 Bogot\u00e1.<\/p>\n\n\n\n<div style=\"height:90px\" aria-hidden=\"true\" class=\"wp-block-spacer\"><\/div>\n<\/div>","protected":false},"excerpt":{"rendered":"<p>PRIVACY POLICY Privacy Policy for Personal, Customers, Employees and Suppliers. ADVANCED TECHNOLOGY APPLICATIONS SAS, in compliance with the provisions of Law 1581 of 2012 and its Decree 1377 of 2013 and Law 142 of 1994, allows its clients, employees, former employees, suppliers and contractors to be informed that personal data or information that the company [&hellip;]<\/p>","protected":false},"author":1,"featured_media":0,"parent":0,"menu_order":0,"comment_status":"closed","ping_status":"closed","template":"page-header-footer-only","meta":{"om_disable_all_campaigns":false,"_monsterinsights_skip_tracking":false,"_monsterinsights_sitenote_active":false,"_monsterinsights_sitenote_note":"","_monsterinsights_sitenote_category":0},"aioseo_notices":[],"_links":{"self":[{"href":"https:\/\/atapplications.com\/es\/wp-json\/wp\/v2\/pages\/1838"}],"collection":[{"href":"https:\/\/atapplications.com\/es\/wp-json\/wp\/v2\/pages"}],"about":[{"href":"https:\/\/atapplications.com\/es\/wp-json\/wp\/v2\/types\/page"}],"author":[{"embeddable":true,"href":"https:\/\/atapplications.com\/es\/wp-json\/wp\/v2\/users\/1"}],"replies":[{"embeddable":true,"href":"https:\/\/atapplications.com\/es\/wp-json\/wp\/v2\/comments?post=1838"}],"version-history":[{"count":17,"href":"https:\/\/atapplications.com\/es\/wp-json\/wp\/v2\/pages\/1838\/revisions"}],"predecessor-version":[{"id":2024,"href":"https:\/\/atapplications.com\/es\/wp-json\/wp\/v2\/pages\/1838\/revisions\/2024"}],"wp:attachment":[{"href":"https:\/\/atapplications.com\/es\/wp-json\/wp\/v2\/media?parent=1838"}],"curies":[{"name":"wp","href":"https:\/\/api.w.org\/{rel}","templated":true}]}}